{"id":40,"date":"2026-02-26T19:20:22","date_gmt":"2026-02-26T22:20:22","guid":{"rendered":"https:\/\/memorialdoarroz.com.br\/?page_id=40"},"modified":"2026-03-20T18:31:04","modified_gmt":"2026-03-20T21:31:04","slug":"quem-somos","status":"publish","type":"page","link":"https:\/\/memorialdoarroz.com.br\/","title":{"rendered":"Quem Somos"},"content":{"rendered":"\n\n\n\n\n<p>O Memorial Nacional do Arroz est\u00e1 situado em&nbsp;Cachoeira do Sul, junto ao Pavilh\u00e3o de Exposi\u00e7\u00f5es da FENARROZ, constituindo espa\u00e7o&nbsp; destinado a rememorar, valorizar e difundir a import\u00e2ncia do arroz na hist\u00f3ria econ\u00f4mica, cultural e social do Munic\u00edpio. Busca tamb\u00e9m enaltecer os homens e mulheres pioneiros na atividade oriz\u00edcola, cujo trabalho garantiu tantas conquistas e o t\u00edtulo de Capital Nacional do Arroz ao munic\u00edpio de Cachoeira do Sul.&nbsp;<\/p>\n\n\n\n<p>O Memorial Nacional do Arroz \u00e9 um espa\u00e7o em que todos aqueles que se dedicaram ao plantio, colheita e beneficiamento do arroz poder\u00e3o visualizar a hist\u00f3ria que ajudaram a construir, verificar a sua atualidade e a proje\u00e7\u00e3o futura que ter\u00e1.<\/p>\n\n\n\n<p>S\u00e3o promotores e apoiadores desta iniciativa, que teve como ber\u00e7o os Clubes de Rotary de Cachoeira do Sul, a&nbsp;Associa\u00e7\u00e3o Cachoeirense de Amigos da Cultura \u2013 Amicus e a FENARROZ.<\/p>\n\n\n\n<p>O Memorial Nacional do Arroz, lan\u00e7ado oficialmente no dia 13 de dezembro de 2012, passou a ter sede definitiva junto \u00e0 FENARROZ em&nbsp;15 de outubro de 2021, durante a abertura oficial da&nbsp;21.\u00aa edi\u00e7\u00e3o da Feira.&nbsp;<\/p>\n\n\n\n<p>O Memorial Nacional do Arroz pode ser visitado durante eventos realizados no Parque da FENARROZ ou com agendamento pr\u00e9vio para a comunidade e escolas.<\/p>\n\n\n\n<h2 class=\"wp-block-heading\"><strong>Entidades Mantenedoras:<\/strong><\/h2>\n\n\n\n<figure class=\"wp-block-gallery has-nested-images columns-default is-cropped wp-block-gallery-1 is-layout-flex wp-block-gallery-is-layout-flex\">\n<figure class=\"wp-block-image size-full\"><img loading=\"lazy\" decoding=\"async\" width=\"700\" height=\"251\" data-id=\"252\" src=\"https:\/\/memorialdoarroz.com.br\/wp-content\/uploads\/2026\/03\/amicuslogo.png\" alt=\"\" class=\"wp-image-252\" srcset=\"https:\/\/memorialdoarroz.com.br\/wp-content\/uploads\/2026\/03\/amicuslogo.png 700w, https:\/\/memorialdoarroz.com.br\/wp-content\/uploads\/2026\/03\/amicuslogo-300x108.png 300w, https:\/\/memorialdoarroz.com.br\/wp-content\/uploads\/2026\/03\/amicuslogo-205x74.png 205w, https:\/\/memorialdoarroz.com.br\/wp-content\/uploads\/2026\/03\/amicuslogo-480x172.png 480w\" sizes=\"auto, (max-width: 700px) 100vw, 700px\" \/><\/figure>\n\n\n\n<figure class=\"wp-block-image size-full\"><img loading=\"lazy\" decoding=\"async\" width=\"701\" height=\"249\" data-id=\"253\" src=\"https:\/\/memorialdoarroz.com.br\/wp-content\/uploads\/2026\/03\/logoFenarroz.png\" alt=\"\" class=\"wp-image-253\" srcset=\"https:\/\/memorialdoarroz.com.br\/wp-content\/uploads\/2026\/03\/logoFenarroz.png 701w, https:\/\/memorialdoarroz.com.br\/wp-content\/uploads\/2026\/03\/logoFenarroz-300x107.png 300w, https:\/\/memorialdoarroz.com.br\/wp-content\/uploads\/2026\/03\/logoFenarroz-205x73.png 205w, https:\/\/memorialdoarroz.com.br\/wp-content\/uploads\/2026\/03\/logoFenarroz-480x170.png 480w\" sizes=\"auto, (max-width: 701px) 100vw, 701px\" \/><\/figure>\n<\/figure>\n\n\n\n<p><\/p>\n","protected":false},"excerpt":{"rendered":"<p>O Memorial Nacional do Arroz est\u00e1 situado em&nbsp;Cachoeira do Sul, junto ao Pavilh\u00e3o de Exposi\u00e7\u00f5es da FENARROZ, constituindo espa\u00e7o&nbsp; destinado a rememorar, valorizar e difundir a import\u00e2ncia do arroz na hist\u00f3ria econ\u00f4mica, cultural e social do Munic\u00edpio. Busca tamb\u00e9m enaltecer os homens e mulheres pioneiros na atividade oriz\u00edcola, cujo trabalho garantiu tantas conquistas e o [&hellip;]<\/p>\n","protected":false},"author":2,"featured_media":0,"parent":0,"menu_order":0,"comment_status":"open","ping_status":"closed","template":"","meta":{"footnotes":""},"class_list":["post-40","page","type-page","status-publish","hentry"],"_links":{"self":[{"href":"https:\/\/memorialdoarroz.com.br\/index.php\/wp-json\/wp\/v2\/pages\/40","targetHints":{"allow":["GET"]}}],"collection":[{"href":"https:\/\/memorialdoarroz.com.br\/index.php\/wp-json\/wp\/v2\/pages"}],"about":[{"href":"https:\/\/memorialdoarroz.com.br\/index.php\/wp-json\/wp\/v2\/types\/page"}],"author":[{"embeddable":true,"href":"https:\/\/memorialdoarroz.com.br\/index.php\/wp-json\/wp\/v2\/users\/2"}],"replies":[{"embeddable":true,"href":"https:\/\/memorialdoarroz.com.br\/index.php\/wp-json\/wp\/v2\/comments?post=40"}],"version-history":[{"count":6,"href":"https:\/\/memorialdoarroz.com.br\/index.php\/wp-json\/wp\/v2\/pages\/40\/revisions"}],"predecessor-version":[{"id":255,"href":"https:\/\/memorialdoarroz.com.br\/index.php\/wp-json\/wp\/v2\/pages\/40\/revisions\/255"}],"wp:attachment":[{"href":"https:\/\/memorialdoarroz.com.br\/index.php\/wp-json\/wp\/v2\/media?parent=40"}],"curies":[{"name":"wp","href":"https:\/\/api.w.org\/{rel}","templated":true}]}}