{"id":26,"date":"2026-02-26T19:07:43","date_gmt":"2026-02-26T22:07:43","guid":{"rendered":"https:\/\/memorialdoarroz.com.br\/?page_id=26"},"modified":"2026-03-01T08:16:19","modified_gmt":"2026-03-01T11:16:19","slug":"contato","status":"publish","type":"page","link":"http:\/\/memorialdoarroz.com.br\/index.php\/contato\/","title":{"rendered":"Contato"},"content":{"rendered":"\n<p>Entre em contato para contribuir com nosso acervo, nossos projetos, enviando cr\u00edticas e sugest\u00f5es.<\/p>\n\n\n\n<p>Endere\u00e7o: Parque Ivan Tavares &#8211; Pavilh\u00e3o de Exposi\u00e7\u00f5es da FENARROZ<\/p>\n\n\n\n<p>Rua Conde de Porto Alegre, s\/n.\u00ba &#8211; Bairro Carvalho<\/p>\n\n\n\n<p>CEP 96508-221 Cachoeira do Sul &#8211; RS<\/p>\n\n\n\n<p>Telefone: (51) 3722-2425&nbsp; &nbsp;<\/p>\n\n\n\n<p>E-mail: <a href=\"mailto:amicuscachoeira@gmail.com\">amicuscachoeira@gmail.com<\/a><\/p>\n","protected":false},"excerpt":{"rendered":"<p>Entre em contato para contribuir com nosso acervo, nossos projetos, enviando cr\u00edticas e sugest\u00f5es. Endere\u00e7o: Parque Ivan Tavares &#8211; Pavilh\u00e3o de Exposi\u00e7\u00f5es da FENARROZ Rua Conde de Porto Alegre, s\/n.\u00ba &#8211; Bairro Carvalho CEP 96508-221 Cachoeira do Sul &#8211; RS Telefone: (51) 3722-2425&nbsp; &nbsp; E-mail: amicuscachoeira@gmail.com<\/p>\n","protected":false},"author":1,"featured_media":0,"parent":0,"menu_order":0,"comment_status":"closed","ping_status":"closed","template":"","meta":{"footnotes":""},"class_list":["post-26","page","type-page","status-publish","hentry"],"_links":{"self":[{"href":"http:\/\/memorialdoarroz.com.br\/index.php\/wp-json\/wp\/v2\/pages\/26","targetHints":{"allow":["GET"]}}],"collection":[{"href":"http:\/\/memorialdoarroz.com.br\/index.php\/wp-json\/wp\/v2\/pages"}],"about":[{"href":"http:\/\/memorialdoarroz.com.br\/index.php\/wp-json\/wp\/v2\/types\/page"}],"author":[{"embeddable":true,"href":"http:\/\/memorialdoarroz.com.br\/index.php\/wp-json\/wp\/v2\/users\/1"}],"replies":[{"embeddable":true,"href":"http:\/\/memorialdoarroz.com.br\/index.php\/wp-json\/wp\/v2\/comments?post=26"}],"version-history":[{"count":2,"href":"http:\/\/memorialdoarroz.com.br\/index.php\/wp-json\/wp\/v2\/pages\/26\/revisions"}],"predecessor-version":[{"id":50,"href":"http:\/\/memorialdoarroz.com.br\/index.php\/wp-json\/wp\/v2\/pages\/26\/revisions\/50"}],"wp:attachment":[{"href":"http:\/\/memorialdoarroz.com.br\/index.php\/wp-json\/wp\/v2\/media?parent=26"}],"curies":[{"name":"wp","href":"https:\/\/api.w.org\/{rel}","templated":true}]}}